{"id":2740,"date":"2023-10-23T13:46:09","date_gmt":"2023-10-23T13:46:09","guid":{"rendered":"https:\/\/obsbusiness.com\/terms-conditions\/"},"modified":"2024-06-27T04:55:05","modified_gmt":"2024-06-27T04:55:05","slug":"terms-conditions","status":"publish","type":"page","link":"https:\/\/obsbusiness.com\/tr\/terms-conditions\/","title":{"rendered":"\u015fartlar ve ko\u015fullar"},"content":{"rendered":"\t\t<div data-elementor-type=\"wp-page\" data-elementor-id=\"2740\" class=\"elementor elementor-2740\" data-elementor-post-type=\"page\">\n\t\t\t\t\t\t<section class=\"elementor-section elementor-top-section elementor-element elementor-element-28813b33 elementor-section-boxed elementor-section-height-default elementor-section-height-default\" data-id=\"28813b33\" data-element_type=\"section\">\n\t\t\t\t\t\t<div class=\"elementor-container elementor-column-gap-default\">\n\t\t\t\t\t<div class=\"elementor-column elementor-col-100 elementor-top-column elementor-element elementor-element-60f48cd1\" data-id=\"60f48cd1\" data-element_type=\"column\">\n\t\t\t<div class=\"elementor-widget-wrap elementor-element-populated\">\n\t\t\t\t\t\t<div class=\"elementor-element elementor-element-63b06356 elementor-widget elementor-widget-text-editor\" data-id=\"63b06356\" data-element_type=\"widget\" data-widget_type=\"text-editor.default\">\n\t\t\t\t<div class=\"elementor-widget-container\">\n\t\t\t\t\t\t\t\t\t<h1 class=\"wp-block-heading\">Obsbusiness sitesi i\u00e7in \u015eartlar ve Ko\u015fullar<\/h1>\n<h2 class=\"wp-block-heading\">Giri\u015f<\/h2>\nBu web sayfas\u0131nda yaz\u0131lan bu Web Sitesi Standart H\u00fck\u00fcm ve Ko\u015fullar\u0131, https:\/\/obsbusiness.com\/ adresinden eri\u015filebilen obsbusiness sitesi olan web sitemizi kullan\u0131m\u0131n\u0131z\u0131 y\u00f6netecektir.\n\nBu \u015eartlar tamamen uygulanacak ve bu Web Sitesini kullan\u0131m\u0131n\u0131z\u0131 etkileyecektir. Bu Web Sitesini kullanarak burada yaz\u0131l\u0131 olan t\u00fcm \u015fart ve ko\u015fullar\u0131 kabul etmi\u015f olursunuz. Bu Web Sitesi Standart H\u00fck\u00fcm ve Ko\u015fullar\u0131ndan herhangi birini kabul etmiyorsan\u0131z bu Web Sitesini kullanmamal\u0131s\u0131n\u0131z.\n\nRe\u015fit olmayanlar\u0131n veya 18 ya\u015f\u0131n alt\u0131ndaki ki\u015filerin bu Web Sitesini kullanmas\u0131na izin verilmemektedir.\n<h2 class=\"wp-block-heading\">Fikri M\u00fclkiyet Haklar\u0131<\/h2>\nBu \u015eartlar uyar\u0131nca, sahip oldu\u011funuz i\u00e7erik d\u0131\u015f\u0131nda, obsbusiness sitesi ve\/veya onun lisans verenleri, bu Web Sitesinde yer alan t\u00fcm fikri m\u00fclkiyet haklar\u0131na ve materyallere sahiptir.\n\nSize yaln\u0131zca bu Web Sitesinde yer alan materyali g\u00f6r\u00fcnt\u00fclemeniz amac\u0131yla s\u0131n\u0131rl\u0131 lisans verilmektedir.\n<h2 class=\"wp-block-heading\">K\u0131s\u0131tlamalar<\/h2>\nA\u015fa\u011f\u0131dakilerin t\u00fcm\u00fcnden \u00f6zellikle k\u0131s\u0131tl\u0131s\u0131n\u0131z:\n<ul>\n  <li>Herhangi bir Web Sitesi materyalini ba\u015fka herhangi bir ortamda yay\u0131nlamak;<\/li>\n  <li>Herhangi bir Web Sitesi materyalini satmak, alt lisanslamak ve\/veya ba\u015fka \u015fekilde ticarile\u015ftirmek;<\/li>\n  <li>Herhangi bir Web Sitesi materyalini halka a\u00e7\u0131k olarak sunmak ve\/veya g\u00f6stermek;<\/li>\n  <li>Bu Web Sitesini, bu Web Sitesine zarar verecek veya zarar verebilecek herhangi bir \u015fekilde kullanmak;<\/li>\n  <li>Bu Web Sitesini, kullan\u0131c\u0131lar\u0131n bu Web Sitesine eri\u015fimini etkileyecek \u015fekilde kullanmak;<\/li>\n  <li>Bu Web Sitesini y\u00fcr\u00fcrl\u00fckteki yasa ve d\u00fczenlemelere ayk\u0131r\u0131 olarak veya herhangi bir \u015fekilde Web Sitesine veya herhangi bir ki\u015fiye veya ticari kurulu\u015fa zarar verebilecek \u015fekilde kullanmak;<\/li>\n  <li>Bu Web Sitesiyle ilgili olarak herhangi bir veri madencili\u011fi, veri toplama, veri \u00e7\u0131karma veya benzeri herhangi bir faaliyette bulunmak;<\/li>\n  <li>Bu Web Sitesini herhangi bir reklam veya pazarlama faaliyetinde bulunmak i\u00e7in kullanmak.<\/li>\n<\/ul>\nBu Web Sitesinin belirli alanlar\u0131na eri\u015fiminiz sizin taraf\u0131n\u0131zdan s\u0131n\u0131rland\u0131r\u0131lm\u0131\u015ft\u0131r ve obsbusiness sitesi, tamamen kendi takdirine ba\u011fl\u0131 olarak herhangi bir zamanda bu Web Sitesinin herhangi bir alan\u0131na eri\u015fiminizi daha da k\u0131s\u0131tlayabilir. Bu Web Sitesi i\u00e7in sahip olabilece\u011finiz her t\u00fcrl\u00fc kullan\u0131c\u0131 kimli\u011fi ve \u015fifre gizlidir ve gizlili\u011fi de koruman\u0131z gerekir.\n<h2 class=\"wp-block-heading\">\u0130\u00e7eri\u011finiz<\/h2>\nBu Web Sitesi Standart H\u00fck\u00fcm ve Ko\u015fullar\u0131nda &#8220;\u0130\u00e7eri\u011finiz&#8221;, bu Web Sitesinde g\u00f6r\u00fcnt\u00fclemeyi se\u00e7ti\u011finiz herhangi bir ses, video metni, resim veya di\u011fer materyal anlam\u0131na gelir. \u0130\u00e7eri\u011finizi g\u00f6r\u00fcnt\u00fcleyerek, obsbusiness sitesine onu her t\u00fcrl\u00fc ortamda kullanmas\u0131, \u00e7o\u011faltmas\u0131, uyarlamas\u0131, yay\u0131nlamas\u0131, terc\u00fcme etmesi ve da\u011f\u0131tmas\u0131 i\u00e7in m\u00fcnhas\u0131r olmayan, d\u00fcnya \u00e7ap\u0131nda geri al\u0131namaz, alt lisanslanabilir bir lisans vermi\u015f olursunuz.\n\u0130\u00e7eri\u011finiz size ait olmal\u0131 ve herhangi bir \u00fc\u00e7\u00fcnc\u00fc taraf\u0131n haklar\u0131n\u0131 ihlal etmemelidir. obsbusiness sitesi, herhangi bir \u0130\u00e7eri\u011finizi bu Web Sitesinden herhangi bir zamanda bildirimde bulunmaks\u0131z\u0131n kald\u0131rma hakk\u0131n\u0131 sakl\u0131 tutar.\n<h2 class=\"wp-block-heading\">Garanti yok<\/h2>\nBu Web Sitesi t\u00fcm hatalar\u0131yla birlikte &#8220;oldu\u011fu gibi&#8221; sunulmaktad\u0131r ve obsbusiness sitesi, bu Web Sitesiyle veya bu Web Sitesinde yer alan materyallerle ilgili hi\u00e7bir beyan veya garanti vermez. Ayr\u0131ca bu Web Sitesinde yer alan hi\u00e7bir \u015fey size tavsiye niteli\u011finde oldu\u011fu \u015feklinde yorumlanmayacakt\u0131r.\n<h2 class=\"wp-block-heading\">Sorumlulu\u011fun s\u0131n\u0131rland\u0131r\u0131lmas\u0131<\/h2>\nHi\u00e7bir durumda obsbusiness sitesi veya onun memurlar\u0131, y\u00f6neticileri ve \u00e7al\u0131\u015fanlar\u0131, bu Web Sitesini kullan\u0131m\u0131n\u0131zdan kaynaklanan veya bu Web Sitesini kullan\u0131m\u0131n\u0131zla herhangi bir \u015fekilde ba\u011flant\u0131l\u0131 olan hi\u00e7bir \u015feyden, s\u00f6z konusu y\u00fck\u00fcml\u00fcl\u00fck s\u00f6zle\u015fmeye ba\u011fl\u0131 olsun veya olmas\u0131n, sorumlu tutulamaz.memurlar\u0131, y\u00f6neticileri ve \u00e7al\u0131\u015fanlar\u0131 da dahil olmak \u00fczere obsbusiness sitesi, bu Web Sitesini kullan\u0131m\u0131n\u0131zdan kaynaklanan veya bununla herhangi bir \u015fekilde ba\u011flant\u0131l\u0131 olan hi\u00e7bir dolayl\u0131, sonu\u00e7sal veya \u00f6zel sorumluluktan sorumlu tutulamaz.\n<h2 class=\"wp-block-heading\">Tazminat<\/h2>\nObsbusiness sitesini, bu Ko\u015fullar\u0131n herhangi bir h\u00fckm\u00fcn\u00fc ihlal etmenizle ba\u011flant\u0131l\u0131 olarak ortaya \u00e7\u0131kan her t\u00fcrl\u00fc ve\/veya t\u00fcm y\u00fck\u00fcml\u00fcl\u00fckler, maliyetler, talepler, dava nedenleri, zararlar ve harcamalara kar\u015f\u0131 en geni\u015f \u00f6l\u00e7\u00fcde tazmin edersiniz.\n<h2 class=\"wp-block-heading\">B\u00f6l\u00fcnebilirlik<\/h2>\nBu Ko\u015fullar\u0131n herhangi bir h\u00fckm\u00fcn\u00fcn ge\u00e7erli herhangi bir yasa uyar\u0131nca ge\u00e7ersiz oldu\u011fu tespit edilirse, s\u00f6z konusu h\u00fck\u00fcmler, burada kalan h\u00fck\u00fcmleri etkilemeden silinecektir.\n<h2 class=\"wp-block-heading\">\u015eartlar\u0131n De\u011fi\u015fikli\u011fi<\/h2>\nobsbusiness sitesinin bu \u015eartlar\u0131 uygun g\u00f6rd\u00fc\u011f\u00fc herhangi bir zamanda de\u011fi\u015ftirmesine izin verilmektedir ve bu Web Sitesini kullanarak sizden bu \u015eartlar\u0131 d\u00fczenli olarak incelemeniz beklenmektedir.\n<h2 class=\"wp-block-heading\">\u00d6dev<\/h2>\nObsbusiness sitesinin, bu \u015eartlar kapsam\u0131ndaki haklar\u0131n\u0131 ve\/veya y\u00fck\u00fcml\u00fcl\u00fcklerini herhangi bir bildirimde bulunmaks\u0131z\u0131n devretmesine, devretmesine ve alt s\u00f6zle\u015fme yapmas\u0131na izin verilir. Ancak, bu \u015eartlar kapsam\u0131ndaki haklar\u0131n\u0131z\u0131 ve\/veya y\u00fck\u00fcml\u00fcl\u00fcklerinizi devretmenize, aktarman\u0131za veya alt y\u00fckleniciye vermenize izin verilmez.\n<h2 class=\"wp-block-heading\">S\u00f6zle\u015fmenin Tamam\u0131<\/h2>\nBu \u015eartlar, bu Web Sitesini kullanman\u0131zla ilgili olarak obsbusiness sitesi ile sizin aran\u0131zdaki anla\u015fman\u0131n tamam\u0131n\u0131 olu\u015fturur ve \u00f6nceki t\u00fcm anla\u015fmalar\u0131n ve mutabakatlar\u0131n yerine ge\u00e7er.\n<h2 class=\"wp-block-heading\">Ge\u00e7erli Kanun ve amp; Yarg\u0131<\/h2>\nBu \u015eartlar sa Eyaleti yasalar\u0131na g\u00f6re y\u00f6netilecek ve yorumlanacakt\u0131r ve herhangi bir anla\u015fmazl\u0131\u011f\u0131n \u00e7\u00f6z\u00fcm\u00fc i\u00e7in sa&#8217;da bulunan eyalet ve federal mahkemelerin m\u00fcnhas\u0131r olmayan yarg\u0131 yetkisine tabi olursunuz.\t\t\t\t\t\t\t\t<\/div>\n\t\t\t\t<\/div>\n\t\t\t\t\t<\/div>\n\t\t<\/div>\n\t\t\t\t\t<\/div>\n\t\t<\/section>\n\t\t\t\t<\/div>\n\t\t","protected":false},"excerpt":{"rendered":"<p>Obsbusiness sitesi i\u00e7in \u015eartlar ve Ko\u015fullar Giri\u015f Bu web sayfas\u0131nda yaz\u0131lan bu Web Sitesi Standart H\u00fck\u00fcm ve Ko\u015fullar\u0131, https:\/\/obsbusiness.com\/ adresinden eri\u015filebilen obsbusiness sitesi olan web sitemizi kullan\u0131m\u0131n\u0131z\u0131 y\u00f6netecektir. Bu \u015eartlar tamamen uygulanacak ve bu Web Sitesini kullan\u0131m\u0131n\u0131z\u0131 etkileyecektir. Bu Web Sitesini kullanarak burada yaz\u0131l\u0131 olan t\u00fcm \u015fart ve ko\u015fullar\u0131 kabul etmi\u015f olursunuz. Bu Web Sitesi [&hellip;]<\/p>\n","protected":false},"author":1,"featured_media":0,"parent":0,"menu_order":0,"comment_status":"closed","ping_status":"closed","template":"","meta":{"_acf_changed":false,"footnotes":""},"class_list":["post-2740","page","type-page","status-publish","hentry"],"acf":[],"_links":{"self":[{"href":"https:\/\/obsbusiness.com\/tr\/wp-json\/wp\/v2\/pages\/2740","targetHints":{"allow":["GET"]}}],"collection":[{"href":"https:\/\/obsbusiness.com\/tr\/wp-json\/wp\/v2\/pages"}],"about":[{"href":"https:\/\/obsbusiness.com\/tr\/wp-json\/wp\/v2\/types\/page"}],"author":[{"embeddable":true,"href":"https:\/\/obsbusiness.com\/tr\/wp-json\/wp\/v2\/users\/1"}],"replies":[{"embeddable":true,"href":"https:\/\/obsbusiness.com\/tr\/wp-json\/wp\/v2\/comments?post=2740"}],"version-history":[{"count":4,"href":"https:\/\/obsbusiness.com\/tr\/wp-json\/wp\/v2\/pages\/2740\/revisions"}],"predecessor-version":[{"id":2749,"href":"https:\/\/obsbusiness.com\/tr\/wp-json\/wp\/v2\/pages\/2740\/revisions\/2749"}],"wp:attachment":[{"href":"https:\/\/obsbusiness.com\/tr\/wp-json\/wp\/v2\/media?parent=2740"}],"curies":[{"name":"wp","href":"https:\/\/api.w.org\/{rel}","templated":true}]}}